{"id":7657,"date":"2019-10-20T15:02:39","date_gmt":"2019-10-20T15:02:39","guid":{"rendered":"https:\/\/thecentralhousehostels.com\/porto-ribeira\/offers\/"},"modified":"2022-04-07T10:23:55","modified_gmt":"2022-04-07T10:23:55","slug":"offers","status":"publish","type":"page","link":"https:\/\/thecentralhousehostels.com\/porto-ribeira\/fr\/offers\/","title":{"rendered":"Offres"},"content":{"rendered":"","protected":false},"excerpt":{"rendered":"","protected":false},"author":1,"featured_media":0,"parent":0,"menu_order":0,"comment_status":"closed","ping_status":"closed","template":"","meta":{"_monsterinsights_skip_tracking":false,"_monsterinsights_sitenote_active":false,"_monsterinsights_sitenote_note":"","_monsterinsights_sitenote_category":0,"footnotes":""},"yoast_head":"<!-- This site is optimized with the Yoast SEO plugin v18.2 - https:\/\/yoast.com\/wordpress\/plugins\/seo\/ -->\n<title>Offres de chambres d&#039;h\u00f4tel \u00e0 Porto - The Central House<\/title>\n<meta name=\"description\" content=\"Trouvez les meilleurs tarifs et promotions pour les chambres \u00e0 The Central House. D\u00e9couvrez le meilleur prix pour h\u00f4tels \u00e0 c\u00f4t\u00e9 du centre-ville, dans le quartier de Ribeira.\" \/>\n<meta name=\"robots\" content=\"index, follow, max-snippet:-1, max-image-preview:large, max-video-preview:-1\" \/>\n<link rel=\"canonical\" href=\"https:\/\/thecentralhousehostels.com\/porto-ribeira\/offers\/\" \/>\n<meta property=\"og:locale\" content=\"en_GB\" \/>\n<meta property=\"og:type\" content=\"article\" \/>\n<meta property=\"og:title\" content=\"Offres de chambres d&#039;h\u00f4tel \u00e0 Porto - The Central House\" \/>\n<meta property=\"og:description\" content=\"Trouvez les meilleurs tarifs et promotions pour les chambres \u00e0 The Central House. D\u00e9couvrez le meilleur prix pour h\u00f4tels \u00e0 c\u00f4t\u00e9 du centre-ville, dans le quartier de Ribeira.\" \/>\n<meta property=\"og:url\" content=\"https:\/\/thecentralhousehostels.com\/porto-ribeira\/fr\/offers\/\" \/>\n<meta property=\"og:site_name\" content=\"porto-ribeira\" \/>\n<meta property=\"article:modified_time\" content=\"2022-04-07T10:23:55+00:00\" \/>\n<meta name=\"twitter:card\" content=\"summary_large_image\" \/>\n<script type=\"application\/ld+json\" class=\"yoast-schema-graph\">{\"@context\":\"https:\/\/schema.org\",\"@graph\":[{\"@type\":\"WebSite\",\"@id\":\"https:\/\/thecentralhousehostels.com\/porto-ribeira\/#website\",\"url\":\"https:\/\/thecentralhousehostels.com\/porto-ribeira\/\",\"name\":\"porto-ribeira\",\"description\":\"Just another The Central House sitios site\",\"potentialAction\":[{\"@type\":\"SearchAction\",\"target\":{\"@type\":\"EntryPoint\",\"urlTemplate\":\"https:\/\/thecentralhousehostels.com\/porto-ribeira\/?s={search_term_string}\"},\"query-input\":\"required name=search_term_string\"}],\"inLanguage\":\"en-GB\"},{\"@type\":\"WebPage\",\"@id\":\"https:\/\/thecentralhousehostels.com\/porto-ribeira\/fr\/offers\/#webpage\",\"url\":\"https:\/\/thecentralhousehostels.com\/porto-ribeira\/fr\/offers\/\",\"name\":\"Offres de chambres d'h\u00f4tel \u00e0 Porto - The Central House\",\"isPartOf\":{\"@id\":\"https:\/\/thecentralhousehostels.com\/porto-ribeira\/#website\"},\"datePublished\":\"2019-10-20T15:02:39+00:00\",\"dateModified\":\"2022-04-07T10:23:55+00:00\",\"description\":\"Trouvez les meilleurs tarifs et promotions pour les chambres \u00e0 The Central House. D\u00e9couvrez le meilleur prix pour h\u00f4tels \u00e0 c\u00f4t\u00e9 du centre-ville, dans le quartier de Ribeira.\",\"breadcrumb\":{\"@id\":\"https:\/\/thecentralhousehostels.com\/porto-ribeira\/fr\/offers\/#breadcrumb\"},\"inLanguage\":\"en-GB\",\"potentialAction\":[{\"@type\":\"ReadAction\",\"target\":[\"https:\/\/thecentralhousehostels.com\/porto-ribeira\/fr\/offers\/\"]}]},{\"@type\":\"BreadcrumbList\",\"@id\":\"https:\/\/thecentralhousehostels.com\/porto-ribeira\/fr\/offers\/#breadcrumb\",\"itemListElement\":[{\"@type\":\"ListItem\",\"position\":1,\"name\":\"Home\",\"item\":\"https:\/\/thecentralhousehostels.com\/porto-ribeira\/\"},{\"@type\":\"ListItem\",\"position\":2,\"name\":\"Offres\"}]}]}<\/script>\n<!-- \/ Yoast SEO plugin. -->","yoast_head_json":{"title":"Offres de chambres d'h\u00f4tel \u00e0 Porto - The Central House","description":"Trouvez les meilleurs tarifs et promotions pour les chambres \u00e0 The Central House. D\u00e9couvrez le meilleur prix pour h\u00f4tels \u00e0 c\u00f4t\u00e9 du centre-ville, dans le quartier de Ribeira.","robots":{"index":"index","follow":"follow","max-snippet":"max-snippet:-1","max-image-preview":"max-image-preview:large","max-video-preview":"max-video-preview:-1"},"canonical":"https:\/\/thecentralhousehostels.com\/porto-ribeira\/offers\/","og_locale":"en_GB","og_type":"article","og_title":"Offres de chambres d'h\u00f4tel \u00e0 Porto - The Central House","og_description":"Trouvez les meilleurs tarifs et promotions pour les chambres \u00e0 The Central House. D\u00e9couvrez le meilleur prix pour h\u00f4tels \u00e0 c\u00f4t\u00e9 du centre-ville, dans le quartier de Ribeira.","og_url":"https:\/\/thecentralhousehostels.com\/porto-ribeira\/fr\/offers\/","og_site_name":"porto-ribeira","article_modified_time":"2022-04-07T10:23:55+00:00","twitter_card":"summary_large_image","schema":{"@context":"https:\/\/schema.org","@graph":[{"@type":"WebSite","@id":"https:\/\/thecentralhousehostels.com\/porto-ribeira\/#website","url":"https:\/\/thecentralhousehostels.com\/porto-ribeira\/","name":"porto-ribeira","description":"Just another The Central House sitios site","potentialAction":[{"@type":"SearchAction","target":{"@type":"EntryPoint","urlTemplate":"https:\/\/thecentralhousehostels.com\/porto-ribeira\/?s={search_term_string}"},"query-input":"required name=search_term_string"}],"inLanguage":"en-GB"},{"@type":"WebPage","@id":"https:\/\/thecentralhousehostels.com\/porto-ribeira\/fr\/offers\/#webpage","url":"https:\/\/thecentralhousehostels.com\/porto-ribeira\/fr\/offers\/","name":"Offres de chambres d'h\u00f4tel \u00e0 Porto - The Central House","isPartOf":{"@id":"https:\/\/thecentralhousehostels.com\/porto-ribeira\/#website"},"datePublished":"2019-10-20T15:02:39+00:00","dateModified":"2022-04-07T10:23:55+00:00","description":"Trouvez les meilleurs tarifs et promotions pour les chambres \u00e0 The Central House. D\u00e9couvrez le meilleur prix pour h\u00f4tels \u00e0 c\u00f4t\u00e9 du centre-ville, dans le quartier de Ribeira.","breadcrumb":{"@id":"https:\/\/thecentralhousehostels.com\/porto-ribeira\/fr\/offers\/#breadcrumb"},"inLanguage":"en-GB","potentialAction":[{"@type":"ReadAction","target":["https:\/\/thecentralhousehostels.com\/porto-ribeira\/fr\/offers\/"]}]},{"@type":"BreadcrumbList","@id":"https:\/\/thecentralhousehostels.com\/porto-ribeira\/fr\/offers\/#breadcrumb","itemListElement":[{"@type":"ListItem","position":1,"name":"Home","item":"https:\/\/thecentralhousehostels.com\/porto-ribeira\/"},{"@type":"ListItem","position":2,"name":"Offres"}]}]}},"_links":{"self":[{"href":"https:\/\/thecentralhousehostels.com\/porto-ribeira\/wp-json\/wp\/v2\/pages\/7657"}],"collection":[{"href":"https:\/\/thecentralhousehostels.com\/porto-ribeira\/wp-json\/wp\/v2\/pages"}],"about":[{"href":"https:\/\/thecentralhousehostels.com\/porto-ribeira\/wp-json\/wp\/v2\/types\/page"}],"author":[{"embeddable":true,"href":"https:\/\/thecentralhousehostels.com\/porto-ribeira\/wp-json\/wp\/v2\/users\/1"}],"replies":[{"embeddable":true,"href":"https:\/\/thecentralhousehostels.com\/porto-ribeira\/wp-json\/wp\/v2\/comments?post=7657"}],"version-history":[{"count":2,"href":"https:\/\/thecentralhousehostels.com\/porto-ribeira\/wp-json\/wp\/v2\/pages\/7657\/revisions"}],"predecessor-version":[{"id":7661,"href":"https:\/\/thecentralhousehostels.com\/porto-ribeira\/wp-json\/wp\/v2\/pages\/7657\/revisions\/7661"}],"wp:attachment":[{"href":"https:\/\/thecentralhousehostels.com\/porto-ribeira\/wp-json\/wp\/v2\/media?parent=7657"}],"curies":[{"name":"wp","href":"https:\/\/api.w.org\/{rel}","templated":true}]}}