{"id":7023,"date":"2019-10-20T15:02:39","date_gmt":"2019-10-20T15:02:39","guid":{"rendered":"https:\/\/thecentralhousehostels.com\/porto-ribeira\/offers\/"},"modified":"2022-02-14T20:49:39","modified_gmt":"2022-02-14T20:49:39","slug":"offers","status":"publish","type":"page","link":"https:\/\/thecentralhousehostels.com\/porto-ribeira\/pt-pt\/offers\/","title":{"rendered":"Ofertas"},"content":{"rendered":"","protected":false},"excerpt":{"rendered":"","protected":false},"author":1,"featured_media":0,"parent":0,"menu_order":0,"comment_status":"closed","ping_status":"closed","template":"","meta":{"_monsterinsights_skip_tracking":false,"_monsterinsights_sitenote_active":false,"_monsterinsights_sitenote_note":"","_monsterinsights_sitenote_category":0,"footnotes":""},"yoast_head":"<!-- This site is optimized with the Yoast SEO plugin v18.2 - https:\/\/yoast.com\/wordpress\/plugins\/seo\/ -->\n<title>Ofertas - Hostales en porto-ribeira<\/title>\n<meta name=\"description\" content=\"Encontrar os melhores descontos e promo\u00e7\u00f5es para quartos no The Central House. Verifique os melhores pre\u00e7os para hostels a curta dist\u00e2ncia do centro, na Ribeira.\" \/>\n<meta name=\"robots\" content=\"index, follow, max-snippet:-1, max-image-preview:large, max-video-preview:-1\" \/>\n<link rel=\"canonical\" href=\"https:\/\/thecentralhousehostels.com\/porto-ribeira\/offers\/\" \/>\n<meta property=\"og:locale\" content=\"en_GB\" \/>\n<meta property=\"og:type\" content=\"article\" \/>\n<meta property=\"og:title\" content=\"Ofertas - Hostales en porto-ribeira\" \/>\n<meta property=\"og:description\" content=\"Encontrar os melhores descontos e promo\u00e7\u00f5es para quartos no The Central House. Verifique os melhores pre\u00e7os para hostels a curta dist\u00e2ncia do centro, na Ribeira.\" \/>\n<meta property=\"og:url\" content=\"https:\/\/thecentralhousehostels.com\/porto-ribeira\/pt-pt\/offers\/\" \/>\n<meta property=\"og:site_name\" content=\"porto-ribeira\" \/>\n<meta property=\"article:modified_time\" content=\"2022-02-14T20:49:39+00:00\" \/>\n<meta name=\"twitter:card\" content=\"summary_large_image\" \/>\n<script type=\"application\/ld+json\" class=\"yoast-schema-graph\">{\"@context\":\"https:\/\/schema.org\",\"@graph\":[{\"@type\":\"WebSite\",\"@id\":\"https:\/\/thecentralhousehostels.com\/porto-ribeira\/#website\",\"url\":\"https:\/\/thecentralhousehostels.com\/porto-ribeira\/\",\"name\":\"porto-ribeira\",\"description\":\"Just another The Central House sitios site\",\"potentialAction\":[{\"@type\":\"SearchAction\",\"target\":{\"@type\":\"EntryPoint\",\"urlTemplate\":\"https:\/\/thecentralhousehostels.com\/porto-ribeira\/?s={search_term_string}\"},\"query-input\":\"required name=search_term_string\"}],\"inLanguage\":\"en-GB\"},{\"@type\":\"WebPage\",\"@id\":\"https:\/\/thecentralhousehostels.com\/porto-ribeira\/pt-pt\/offers\/#webpage\",\"url\":\"https:\/\/thecentralhousehostels.com\/porto-ribeira\/pt-pt\/offers\/\",\"name\":\"Ofertas - Hostales en porto-ribeira\",\"isPartOf\":{\"@id\":\"https:\/\/thecentralhousehostels.com\/porto-ribeira\/#website\"},\"datePublished\":\"2019-10-20T15:02:39+00:00\",\"dateModified\":\"2022-02-14T20:49:39+00:00\",\"description\":\"Encontrar os melhores descontos e promo\u00e7\u00f5es para quartos no The Central House. Verifique os melhores pre\u00e7os para hostels a curta dist\u00e2ncia do centro, na Ribeira.\",\"breadcrumb\":{\"@id\":\"https:\/\/thecentralhousehostels.com\/porto-ribeira\/pt-pt\/offers\/#breadcrumb\"},\"inLanguage\":\"en-GB\",\"potentialAction\":[{\"@type\":\"ReadAction\",\"target\":[\"https:\/\/thecentralhousehostels.com\/porto-ribeira\/pt-pt\/offers\/\"]}]},{\"@type\":\"BreadcrumbList\",\"@id\":\"https:\/\/thecentralhousehostels.com\/porto-ribeira\/pt-pt\/offers\/#breadcrumb\",\"itemListElement\":[{\"@type\":\"ListItem\",\"position\":1,\"name\":\"Home\",\"item\":\"https:\/\/thecentralhousehostels.com\/porto-ribeira\/\"},{\"@type\":\"ListItem\",\"position\":2,\"name\":\"Ofertas\"}]}]}<\/script>\n<!-- \/ Yoast SEO plugin. -->","yoast_head_json":{"title":"Ofertas - Hostales en porto-ribeira","description":"Encontrar os melhores descontos e promo\u00e7\u00f5es para quartos no The Central House. Verifique os melhores pre\u00e7os para hostels a curta dist\u00e2ncia do centro, na Ribeira.","robots":{"index":"index","follow":"follow","max-snippet":"max-snippet:-1","max-image-preview":"max-image-preview:large","max-video-preview":"max-video-preview:-1"},"canonical":"https:\/\/thecentralhousehostels.com\/porto-ribeira\/offers\/","og_locale":"en_GB","og_type":"article","og_title":"Ofertas - Hostales en porto-ribeira","og_description":"Encontrar os melhores descontos e promo\u00e7\u00f5es para quartos no The Central House. Verifique os melhores pre\u00e7os para hostels a curta dist\u00e2ncia do centro, na Ribeira.","og_url":"https:\/\/thecentralhousehostels.com\/porto-ribeira\/pt-pt\/offers\/","og_site_name":"porto-ribeira","article_modified_time":"2022-02-14T20:49:39+00:00","twitter_card":"summary_large_image","schema":{"@context":"https:\/\/schema.org","@graph":[{"@type":"WebSite","@id":"https:\/\/thecentralhousehostels.com\/porto-ribeira\/#website","url":"https:\/\/thecentralhousehostels.com\/porto-ribeira\/","name":"porto-ribeira","description":"Just another The Central House sitios site","potentialAction":[{"@type":"SearchAction","target":{"@type":"EntryPoint","urlTemplate":"https:\/\/thecentralhousehostels.com\/porto-ribeira\/?s={search_term_string}"},"query-input":"required name=search_term_string"}],"inLanguage":"en-GB"},{"@type":"WebPage","@id":"https:\/\/thecentralhousehostels.com\/porto-ribeira\/pt-pt\/offers\/#webpage","url":"https:\/\/thecentralhousehostels.com\/porto-ribeira\/pt-pt\/offers\/","name":"Ofertas - Hostales en porto-ribeira","isPartOf":{"@id":"https:\/\/thecentralhousehostels.com\/porto-ribeira\/#website"},"datePublished":"2019-10-20T15:02:39+00:00","dateModified":"2022-02-14T20:49:39+00:00","description":"Encontrar os melhores descontos e promo\u00e7\u00f5es para quartos no The Central House. Verifique os melhores pre\u00e7os para hostels a curta dist\u00e2ncia do centro, na Ribeira.","breadcrumb":{"@id":"https:\/\/thecentralhousehostels.com\/porto-ribeira\/pt-pt\/offers\/#breadcrumb"},"inLanguage":"en-GB","potentialAction":[{"@type":"ReadAction","target":["https:\/\/thecentralhousehostels.com\/porto-ribeira\/pt-pt\/offers\/"]}]},{"@type":"BreadcrumbList","@id":"https:\/\/thecentralhousehostels.com\/porto-ribeira\/pt-pt\/offers\/#breadcrumb","itemListElement":[{"@type":"ListItem","position":1,"name":"Home","item":"https:\/\/thecentralhousehostels.com\/porto-ribeira\/"},{"@type":"ListItem","position":2,"name":"Ofertas"}]}]}},"_links":{"self":[{"href":"https:\/\/thecentralhousehostels.com\/porto-ribeira\/wp-json\/wp\/v2\/pages\/7023"}],"collection":[{"href":"https:\/\/thecentralhousehostels.com\/porto-ribeira\/wp-json\/wp\/v2\/pages"}],"about":[{"href":"https:\/\/thecentralhousehostels.com\/porto-ribeira\/wp-json\/wp\/v2\/types\/page"}],"author":[{"embeddable":true,"href":"https:\/\/thecentralhousehostels.com\/porto-ribeira\/wp-json\/wp\/v2\/users\/1"}],"replies":[{"embeddable":true,"href":"https:\/\/thecentralhousehostels.com\/porto-ribeira\/wp-json\/wp\/v2\/comments?post=7023"}],"version-history":[{"count":1,"href":"https:\/\/thecentralhousehostels.com\/porto-ribeira\/wp-json\/wp\/v2\/pages\/7023\/revisions"}],"predecessor-version":[{"id":7024,"href":"https:\/\/thecentralhousehostels.com\/porto-ribeira\/wp-json\/wp\/v2\/pages\/7023\/revisions\/7024"}],"wp:attachment":[{"href":"https:\/\/thecentralhousehostels.com\/porto-ribeira\/wp-json\/wp\/v2\/media?parent=7023"}],"curies":[{"name":"wp","href":"https:\/\/api.w.org\/{rel}","templated":true}]}}