{"id":6845,"date":"2019-11-28T13:02:38","date_gmt":"2019-11-28T13:02:38","guid":{"rendered":"https:\/\/thecentralhousehostels.com\/porto-ribeira\/expansion\/"},"modified":"2022-02-14T19:20:57","modified_gmt":"2022-02-14T19:20:57","slug":"expansao","status":"publish","type":"page","link":"https:\/\/thecentralhousehostels.com\/porto-ribeira\/pt-pt\/expansao\/","title":{"rendered":"Expans\u00e3o"},"content":{"rendered":"","protected":false},"excerpt":{"rendered":"","protected":false},"author":1,"featured_media":0,"parent":0,"menu_order":0,"comment_status":"closed","ping_status":"closed","template":"generic-template.php","meta":{"_monsterinsights_skip_tracking":false,"_monsterinsights_sitenote_active":false,"_monsterinsights_sitenote_note":"","_monsterinsights_sitenote_category":0,"footnotes":""},"yoast_head":"<!-- This site is optimized with the Yoast SEO plugin v18.2 - https:\/\/yoast.com\/wordpress\/plugins\/seo\/ -->\n<title>Expans\u00e3o - The Central House Hostels no Porto<\/title>\n<meta name=\"description\" content=\"No The Central House procuramos parceiros e localiza\u00e7\u00f5es para crescer e continuarmos a oferecer experi\u00eancias de viagens urbanas memor\u00e1veis atrav\u00e9s de franchising.\" \/>\n<meta name=\"robots\" content=\"index, follow, max-snippet:-1, max-image-preview:large, max-video-preview:-1\" \/>\n<link rel=\"canonical\" href=\"https:\/\/thecentralhousehostels.com\/porto-ribeira\/expansao\/\" \/>\n<meta property=\"og:locale\" content=\"en_GB\" \/>\n<meta property=\"og:type\" content=\"article\" \/>\n<meta property=\"og:title\" content=\"Expans\u00e3o - The Central House Hostels no Porto\" \/>\n<meta property=\"og:description\" content=\"No The Central House procuramos parceiros e localiza\u00e7\u00f5es para crescer e continuarmos a oferecer experi\u00eancias de viagens urbanas memor\u00e1veis atrav\u00e9s de franchising.\" \/>\n<meta property=\"og:url\" content=\"https:\/\/thecentralhousehostels.com\/porto-ribeira\/pt-pt\/expansao\/\" \/>\n<meta property=\"og:site_name\" content=\"porto-ribeira\" \/>\n<meta property=\"article:modified_time\" content=\"2022-02-14T19:20:57+00:00\" \/>\n<meta name=\"twitter:card\" content=\"summary_large_image\" \/>\n<script type=\"application\/ld+json\" class=\"yoast-schema-graph\">{\"@context\":\"https:\/\/schema.org\",\"@graph\":[{\"@type\":\"WebSite\",\"@id\":\"https:\/\/thecentralhousehostels.com\/porto-ribeira\/#website\",\"url\":\"https:\/\/thecentralhousehostels.com\/porto-ribeira\/\",\"name\":\"porto-ribeira\",\"description\":\"Just another The Central House sitios site\",\"potentialAction\":[{\"@type\":\"SearchAction\",\"target\":{\"@type\":\"EntryPoint\",\"urlTemplate\":\"https:\/\/thecentralhousehostels.com\/porto-ribeira\/?s={search_term_string}\"},\"query-input\":\"required name=search_term_string\"}],\"inLanguage\":\"en-GB\"},{\"@type\":\"WebPage\",\"@id\":\"https:\/\/thecentralhousehostels.com\/porto-ribeira\/pt-pt\/expansao\/#webpage\",\"url\":\"https:\/\/thecentralhousehostels.com\/porto-ribeira\/pt-pt\/expansao\/\",\"name\":\"Expans\u00e3o - The Central House Hostels no Porto\",\"isPartOf\":{\"@id\":\"https:\/\/thecentralhousehostels.com\/porto-ribeira\/#website\"},\"datePublished\":\"2019-11-28T13:02:38+00:00\",\"dateModified\":\"2022-02-14T19:20:57+00:00\",\"description\":\"No The Central House procuramos parceiros e localiza\u00e7\u00f5es para crescer e continuarmos a oferecer experi\u00eancias de viagens urbanas memor\u00e1veis atrav\u00e9s de franchising.\",\"breadcrumb\":{\"@id\":\"https:\/\/thecentralhousehostels.com\/porto-ribeira\/pt-pt\/expansao\/#breadcrumb\"},\"inLanguage\":\"en-GB\",\"potentialAction\":[{\"@type\":\"ReadAction\",\"target\":[\"https:\/\/thecentralhousehostels.com\/porto-ribeira\/pt-pt\/expansao\/\"]}]},{\"@type\":\"BreadcrumbList\",\"@id\":\"https:\/\/thecentralhousehostels.com\/porto-ribeira\/pt-pt\/expansao\/#breadcrumb\",\"itemListElement\":[{\"@type\":\"ListItem\",\"position\":1,\"name\":\"Home\",\"item\":\"https:\/\/thecentralhousehostels.com\/porto-ribeira\/\"},{\"@type\":\"ListItem\",\"position\":2,\"name\":\"Expans\u00e3o\"}]}]}<\/script>\n<!-- \/ Yoast SEO plugin. -->","yoast_head_json":{"title":"Expans\u00e3o - The Central House Hostels no Porto","description":"No The Central House procuramos parceiros e localiza\u00e7\u00f5es para crescer e continuarmos a oferecer experi\u00eancias de viagens urbanas memor\u00e1veis atrav\u00e9s de franchising.","robots":{"index":"index","follow":"follow","max-snippet":"max-snippet:-1","max-image-preview":"max-image-preview:large","max-video-preview":"max-video-preview:-1"},"canonical":"https:\/\/thecentralhousehostels.com\/porto-ribeira\/expansao\/","og_locale":"en_GB","og_type":"article","og_title":"Expans\u00e3o - The Central House Hostels no Porto","og_description":"No The Central House procuramos parceiros e localiza\u00e7\u00f5es para crescer e continuarmos a oferecer experi\u00eancias de viagens urbanas memor\u00e1veis atrav\u00e9s de franchising.","og_url":"https:\/\/thecentralhousehostels.com\/porto-ribeira\/pt-pt\/expansao\/","og_site_name":"porto-ribeira","article_modified_time":"2022-02-14T19:20:57+00:00","twitter_card":"summary_large_image","schema":{"@context":"https:\/\/schema.org","@graph":[{"@type":"WebSite","@id":"https:\/\/thecentralhousehostels.com\/porto-ribeira\/#website","url":"https:\/\/thecentralhousehostels.com\/porto-ribeira\/","name":"porto-ribeira","description":"Just another The Central House sitios site","potentialAction":[{"@type":"SearchAction","target":{"@type":"EntryPoint","urlTemplate":"https:\/\/thecentralhousehostels.com\/porto-ribeira\/?s={search_term_string}"},"query-input":"required name=search_term_string"}],"inLanguage":"en-GB"},{"@type":"WebPage","@id":"https:\/\/thecentralhousehostels.com\/porto-ribeira\/pt-pt\/expansao\/#webpage","url":"https:\/\/thecentralhousehostels.com\/porto-ribeira\/pt-pt\/expansao\/","name":"Expans\u00e3o - The Central House Hostels no Porto","isPartOf":{"@id":"https:\/\/thecentralhousehostels.com\/porto-ribeira\/#website"},"datePublished":"2019-11-28T13:02:38+00:00","dateModified":"2022-02-14T19:20:57+00:00","description":"No The Central House procuramos parceiros e localiza\u00e7\u00f5es para crescer e continuarmos a oferecer experi\u00eancias de viagens urbanas memor\u00e1veis atrav\u00e9s de franchising.","breadcrumb":{"@id":"https:\/\/thecentralhousehostels.com\/porto-ribeira\/pt-pt\/expansao\/#breadcrumb"},"inLanguage":"en-GB","potentialAction":[{"@type":"ReadAction","target":["https:\/\/thecentralhousehostels.com\/porto-ribeira\/pt-pt\/expansao\/"]}]},{"@type":"BreadcrumbList","@id":"https:\/\/thecentralhousehostels.com\/porto-ribeira\/pt-pt\/expansao\/#breadcrumb","itemListElement":[{"@type":"ListItem","position":1,"name":"Home","item":"https:\/\/thecentralhousehostels.com\/porto-ribeira\/"},{"@type":"ListItem","position":2,"name":"Expans\u00e3o"}]}]}},"_links":{"self":[{"href":"https:\/\/thecentralhousehostels.com\/porto-ribeira\/wp-json\/wp\/v2\/pages\/6845"}],"collection":[{"href":"https:\/\/thecentralhousehostels.com\/porto-ribeira\/wp-json\/wp\/v2\/pages"}],"about":[{"href":"https:\/\/thecentralhousehostels.com\/porto-ribeira\/wp-json\/wp\/v2\/types\/page"}],"author":[{"embeddable":true,"href":"https:\/\/thecentralhousehostels.com\/porto-ribeira\/wp-json\/wp\/v2\/users\/1"}],"replies":[{"embeddable":true,"href":"https:\/\/thecentralhousehostels.com\/porto-ribeira\/wp-json\/wp\/v2\/comments?post=6845"}],"version-history":[{"count":2,"href":"https:\/\/thecentralhousehostels.com\/porto-ribeira\/wp-json\/wp\/v2\/pages\/6845\/revisions"}],"predecessor-version":[{"id":6847,"href":"https:\/\/thecentralhousehostels.com\/porto-ribeira\/wp-json\/wp\/v2\/pages\/6845\/revisions\/6847"}],"wp:attachment":[{"href":"https:\/\/thecentralhousehostels.com\/porto-ribeira\/wp-json\/wp\/v2\/media?parent=6845"}],"curies":[{"name":"wp","href":"https:\/\/api.w.org\/{rel}","templated":true}]}}