{"id":1786,"date":"2019-11-08T17:49:21","date_gmt":"2019-11-08T17:49:21","guid":{"rendered":"https:\/\/thecentralhousehostels.com\/lavapies\/espacios\/"},"modified":"2023-11-10T12:19:02","modified_gmt":"2023-11-10T12:19:02","slug":"espacios","status":"publish","type":"page","link":"https:\/\/thecentralhousehostels.com\/madrid-lavapies\/es\/espacios\/","title":{"rendered":"Espacios"},"content":{"rendered":"","protected":false},"excerpt":{"rendered":"","protected":false},"author":1,"featured_media":0,"parent":0,"menu_order":0,"comment_status":"closed","ping_status":"closed","template":"","meta":{"_monsterinsights_skip_tracking":false,"_monsterinsights_sitenote_active":false,"_monsterinsights_sitenote_note":"","_monsterinsights_sitenote_category":0,"footnotes":""},"yoast_head":"<!-- This site is optimized with the Yoast SEO plugin v18.2 - https:\/\/yoast.com\/wordpress\/plugins\/seo\/ -->\n<title>Espacios - Lavapies - Madrid<\/title>\n<meta name=\"description\" content=\"\u00bfEst\u00e1s buscando un lugar para celebrar tu fiesta? Alquila una de nuestras azoteas o nuestros espacios en el coraz\u00f3n de Madrid, en el barrio de Lavapi\u00e9s\" \/>\n<meta name=\"robots\" content=\"index, follow, max-snippet:-1, max-image-preview:large, max-video-preview:-1\" \/>\n<link rel=\"canonical\" href=\"https:\/\/thecentralhousehostels.com\/madrid-lavapies\/espacios\/\" \/>\n<meta property=\"og:locale\" content=\"en_GB\" \/>\n<meta property=\"og:type\" content=\"article\" \/>\n<meta property=\"og:title\" content=\"Espacios - Lavapies - Madrid\" \/>\n<meta property=\"og:description\" content=\"\u00bfEst\u00e1s buscando un lugar para celebrar tu fiesta? Alquila una de nuestras azoteas o nuestros espacios en el coraz\u00f3n de Madrid, en el barrio de Lavapi\u00e9s\" \/>\n<meta property=\"og:url\" content=\"https:\/\/thecentralhousehostels.com\/madrid-lavapies\/es\/espacios\/\" \/>\n<meta property=\"og:site_name\" content=\"Lavapies - Madrid\" \/>\n<meta property=\"article:modified_time\" content=\"2023-11-10T12:19:02+00:00\" \/>\n<meta name=\"twitter:card\" content=\"summary_large_image\" \/>\n<script type=\"application\/ld+json\" class=\"yoast-schema-graph\">{\"@context\":\"https:\/\/schema.org\",\"@graph\":[{\"@type\":\"WebSite\",\"@id\":\"https:\/\/thecentralhousehostels.com\/madrid-lavapies\/#website\",\"url\":\"https:\/\/thecentralhousehostels.com\/madrid-lavapies\/\",\"name\":\"Lavapies - Madrid\",\"description\":\"Just another The Central House sitios site\",\"potentialAction\":[{\"@type\":\"SearchAction\",\"target\":{\"@type\":\"EntryPoint\",\"urlTemplate\":\"https:\/\/thecentralhousehostels.com\/madrid-lavapies\/?s={search_term_string}\"},\"query-input\":\"required name=search_term_string\"}],\"inLanguage\":\"en-GB\"},{\"@type\":\"WebPage\",\"@id\":\"https:\/\/thecentralhousehostels.com\/madrid-lavapies\/es\/espacios\/#webpage\",\"url\":\"https:\/\/thecentralhousehostels.com\/madrid-lavapies\/es\/espacios\/\",\"name\":\"Espacios - Lavapies - Madrid\",\"isPartOf\":{\"@id\":\"https:\/\/thecentralhousehostels.com\/madrid-lavapies\/#website\"},\"datePublished\":\"2019-11-08T17:49:21+00:00\",\"dateModified\":\"2023-11-10T12:19:02+00:00\",\"description\":\"\u00bfEst\u00e1s buscando un lugar para celebrar tu fiesta? Alquila una de nuestras azoteas o nuestros espacios en el coraz\u00f3n de Madrid, en el barrio de Lavapi\u00e9s\",\"breadcrumb\":{\"@id\":\"https:\/\/thecentralhousehostels.com\/madrid-lavapies\/es\/espacios\/#breadcrumb\"},\"inLanguage\":\"en-GB\",\"potentialAction\":[{\"@type\":\"ReadAction\",\"target\":[\"https:\/\/thecentralhousehostels.com\/madrid-lavapies\/es\/espacios\/\"]}]},{\"@type\":\"BreadcrumbList\",\"@id\":\"https:\/\/thecentralhousehostels.com\/madrid-lavapies\/es\/espacios\/#breadcrumb\",\"itemListElement\":[{\"@type\":\"ListItem\",\"position\":1,\"name\":\"Home\",\"item\":\"https:\/\/thecentralhousehostels.com\/madrid-lavapies\/\"},{\"@type\":\"ListItem\",\"position\":2,\"name\":\"Espacios\"}]}]}<\/script>\n<!-- \/ Yoast SEO plugin. -->","yoast_head_json":{"title":"Espacios - Lavapies - Madrid","description":"\u00bfEst\u00e1s buscando un lugar para celebrar tu fiesta? Alquila una de nuestras azoteas o nuestros espacios en el coraz\u00f3n de Madrid, en el barrio de Lavapi\u00e9s","robots":{"index":"index","follow":"follow","max-snippet":"max-snippet:-1","max-image-preview":"max-image-preview:large","max-video-preview":"max-video-preview:-1"},"canonical":"https:\/\/thecentralhousehostels.com\/madrid-lavapies\/espacios\/","og_locale":"en_GB","og_type":"article","og_title":"Espacios - Lavapies - Madrid","og_description":"\u00bfEst\u00e1s buscando un lugar para celebrar tu fiesta? Alquila una de nuestras azoteas o nuestros espacios en el coraz\u00f3n de Madrid, en el barrio de Lavapi\u00e9s","og_url":"https:\/\/thecentralhousehostels.com\/madrid-lavapies\/es\/espacios\/","og_site_name":"Lavapies - Madrid","article_modified_time":"2023-11-10T12:19:02+00:00","twitter_card":"summary_large_image","schema":{"@context":"https:\/\/schema.org","@graph":[{"@type":"WebSite","@id":"https:\/\/thecentralhousehostels.com\/madrid-lavapies\/#website","url":"https:\/\/thecentralhousehostels.com\/madrid-lavapies\/","name":"Lavapies - Madrid","description":"Just another The Central House sitios site","potentialAction":[{"@type":"SearchAction","target":{"@type":"EntryPoint","urlTemplate":"https:\/\/thecentralhousehostels.com\/madrid-lavapies\/?s={search_term_string}"},"query-input":"required name=search_term_string"}],"inLanguage":"en-GB"},{"@type":"WebPage","@id":"https:\/\/thecentralhousehostels.com\/madrid-lavapies\/es\/espacios\/#webpage","url":"https:\/\/thecentralhousehostels.com\/madrid-lavapies\/es\/espacios\/","name":"Espacios - Lavapies - Madrid","isPartOf":{"@id":"https:\/\/thecentralhousehostels.com\/madrid-lavapies\/#website"},"datePublished":"2019-11-08T17:49:21+00:00","dateModified":"2023-11-10T12:19:02+00:00","description":"\u00bfEst\u00e1s buscando un lugar para celebrar tu fiesta? Alquila una de nuestras azoteas o nuestros espacios en el coraz\u00f3n de Madrid, en el barrio de Lavapi\u00e9s","breadcrumb":{"@id":"https:\/\/thecentralhousehostels.com\/madrid-lavapies\/es\/espacios\/#breadcrumb"},"inLanguage":"en-GB","potentialAction":[{"@type":"ReadAction","target":["https:\/\/thecentralhousehostels.com\/madrid-lavapies\/es\/espacios\/"]}]},{"@type":"BreadcrumbList","@id":"https:\/\/thecentralhousehostels.com\/madrid-lavapies\/es\/espacios\/#breadcrumb","itemListElement":[{"@type":"ListItem","position":1,"name":"Home","item":"https:\/\/thecentralhousehostels.com\/madrid-lavapies\/"},{"@type":"ListItem","position":2,"name":"Espacios"}]}]}},"_links":{"self":[{"href":"https:\/\/thecentralhousehostels.com\/madrid-lavapies\/wp-json\/wp\/v2\/pages\/1786"}],"collection":[{"href":"https:\/\/thecentralhousehostels.com\/madrid-lavapies\/wp-json\/wp\/v2\/pages"}],"about":[{"href":"https:\/\/thecentralhousehostels.com\/madrid-lavapies\/wp-json\/wp\/v2\/types\/page"}],"author":[{"embeddable":true,"href":"https:\/\/thecentralhousehostels.com\/madrid-lavapies\/wp-json\/wp\/v2\/users\/1"}],"replies":[{"embeddable":true,"href":"https:\/\/thecentralhousehostels.com\/madrid-lavapies\/wp-json\/wp\/v2\/comments?post=1786"}],"version-history":[{"count":41,"href":"https:\/\/thecentralhousehostels.com\/madrid-lavapies\/wp-json\/wp\/v2\/pages\/1786\/revisions"}],"predecessor-version":[{"id":7944,"href":"https:\/\/thecentralhousehostels.com\/madrid-lavapies\/wp-json\/wp\/v2\/pages\/1786\/revisions\/7944"}],"wp:attachment":[{"href":"https:\/\/thecentralhousehostels.com\/madrid-lavapies\/wp-json\/wp\/v2\/media?parent=1786"}],"curies":[{"name":"wp","href":"https:\/\/api.w.org\/{rel}","templated":true}]}}