{"id":8111,"date":"2019-10-24T11:05:46","date_gmt":"2019-10-24T11:05:46","guid":{"rendered":"https:\/\/thecentralhousehostels.com\/lisboa\/citynizers\/"},"modified":"2023-01-11T16:35:59","modified_gmt":"2023-01-11T16:35:59","slug":"citynizers","status":"publish","type":"page","link":"https:\/\/thecentralhousehostels.com\/lisboa\/it\/citynizers\/","title":{"rendered":"Citynizers"},"content":{"rendered":"","protected":false},"excerpt":{"rendered":"","protected":false},"author":1,"featured_media":0,"parent":0,"menu_order":0,"comment_status":"closed","ping_status":"closed","template":"","meta":{"_monsterinsights_skip_tracking":false,"_monsterinsights_sitenote_active":false,"_monsterinsights_sitenote_note":"","_monsterinsights_sitenote_category":0,"footnotes":""},"yoast_head":"<!-- This site is optimized with the Yoast SEO plugin v18.2 - https:\/\/yoast.com\/wordpress\/plugins\/seo\/ -->\n<title>Citynizers - Lisboa<\/title>\n<meta name=\"description\" content=\"Descubre las actividades m\u00e1s cool para disfrutar de Madrid. Vive el aut\u00e9ntico madrile\u00f1o lifestyle con los eventos de TCH.\" \/>\n<meta name=\"robots\" content=\"index, follow, max-snippet:-1, max-image-preview:large, max-video-preview:-1\" \/>\n<link rel=\"canonical\" href=\"https:\/\/thecentralhousehostels.com\/lisboa\/citynizers\/\" \/>\n<meta property=\"og:locale\" content=\"en_GB\" \/>\n<meta property=\"og:type\" content=\"article\" \/>\n<meta property=\"og:title\" content=\"Citynizers - Lisboa\" \/>\n<meta property=\"og:description\" content=\"Descubre las actividades m\u00e1s cool para disfrutar de Madrid. Vive el aut\u00e9ntico madrile\u00f1o lifestyle con los eventos de TCH.\" \/>\n<meta property=\"og:url\" content=\"https:\/\/thecentralhousehostels.com\/lisboa\/it\/citynizers\/\" \/>\n<meta property=\"og:site_name\" content=\"Lisboa\" \/>\n<meta property=\"article:modified_time\" content=\"2023-01-11T16:35:59+00:00\" \/>\n<meta name=\"twitter:card\" content=\"summary_large_image\" \/>\n<script type=\"application\/ld+json\" class=\"yoast-schema-graph\">{\"@context\":\"https:\/\/schema.org\",\"@graph\":[{\"@type\":\"WebSite\",\"@id\":\"https:\/\/thecentralhousehostels.com\/lisboa\/#website\",\"url\":\"https:\/\/thecentralhousehostels.com\/lisboa\/\",\"name\":\"Lisboa\",\"description\":\"Just another The Central House sitios site\",\"potentialAction\":[{\"@type\":\"SearchAction\",\"target\":{\"@type\":\"EntryPoint\",\"urlTemplate\":\"https:\/\/thecentralhousehostels.com\/lisboa\/?s={search_term_string}\"},\"query-input\":\"required name=search_term_string\"}],\"inLanguage\":\"en-GB\"},{\"@type\":\"WebPage\",\"@id\":\"https:\/\/thecentralhousehostels.com\/lisboa\/it\/citynizers\/#webpage\",\"url\":\"https:\/\/thecentralhousehostels.com\/lisboa\/it\/citynizers\/\",\"name\":\"Citynizers - Lisboa\",\"isPartOf\":{\"@id\":\"https:\/\/thecentralhousehostels.com\/lisboa\/#website\"},\"datePublished\":\"2019-10-24T11:05:46+00:00\",\"dateModified\":\"2023-01-11T16:35:59+00:00\",\"description\":\"Descubre las actividades m\u00e1s cool para disfrutar de Madrid. Vive el aut\u00e9ntico madrile\u00f1o lifestyle con los eventos de TCH.\",\"breadcrumb\":{\"@id\":\"https:\/\/thecentralhousehostels.com\/lisboa\/it\/citynizers\/#breadcrumb\"},\"inLanguage\":\"en-GB\",\"potentialAction\":[{\"@type\":\"ReadAction\",\"target\":[\"https:\/\/thecentralhousehostels.com\/lisboa\/it\/citynizers\/\"]}]},{\"@type\":\"BreadcrumbList\",\"@id\":\"https:\/\/thecentralhousehostels.com\/lisboa\/it\/citynizers\/#breadcrumb\",\"itemListElement\":[{\"@type\":\"ListItem\",\"position\":1,\"name\":\"Home\",\"item\":\"https:\/\/thecentralhousehostels.com\/lisboa\/\"},{\"@type\":\"ListItem\",\"position\":2,\"name\":\"Citynizers\"}]}]}<\/script>\n<!-- \/ Yoast SEO plugin. -->","yoast_head_json":{"title":"Citynizers - Lisboa","description":"Descubre las actividades m\u00e1s cool para disfrutar de Madrid. Vive el aut\u00e9ntico madrile\u00f1o lifestyle con los eventos de TCH.","robots":{"index":"index","follow":"follow","max-snippet":"max-snippet:-1","max-image-preview":"max-image-preview:large","max-video-preview":"max-video-preview:-1"},"canonical":"https:\/\/thecentralhousehostels.com\/lisboa\/citynizers\/","og_locale":"en_GB","og_type":"article","og_title":"Citynizers - Lisboa","og_description":"Descubre las actividades m\u00e1s cool para disfrutar de Madrid. Vive el aut\u00e9ntico madrile\u00f1o lifestyle con los eventos de TCH.","og_url":"https:\/\/thecentralhousehostels.com\/lisboa\/it\/citynizers\/","og_site_name":"Lisboa","article_modified_time":"2023-01-11T16:35:59+00:00","twitter_card":"summary_large_image","schema":{"@context":"https:\/\/schema.org","@graph":[{"@type":"WebSite","@id":"https:\/\/thecentralhousehostels.com\/lisboa\/#website","url":"https:\/\/thecentralhousehostels.com\/lisboa\/","name":"Lisboa","description":"Just another The Central House sitios site","potentialAction":[{"@type":"SearchAction","target":{"@type":"EntryPoint","urlTemplate":"https:\/\/thecentralhousehostels.com\/lisboa\/?s={search_term_string}"},"query-input":"required name=search_term_string"}],"inLanguage":"en-GB"},{"@type":"WebPage","@id":"https:\/\/thecentralhousehostels.com\/lisboa\/it\/citynizers\/#webpage","url":"https:\/\/thecentralhousehostels.com\/lisboa\/it\/citynizers\/","name":"Citynizers - Lisboa","isPartOf":{"@id":"https:\/\/thecentralhousehostels.com\/lisboa\/#website"},"datePublished":"2019-10-24T11:05:46+00:00","dateModified":"2023-01-11T16:35:59+00:00","description":"Descubre las actividades m\u00e1s cool para disfrutar de Madrid. Vive el aut\u00e9ntico madrile\u00f1o lifestyle con los eventos de TCH.","breadcrumb":{"@id":"https:\/\/thecentralhousehostels.com\/lisboa\/it\/citynizers\/#breadcrumb"},"inLanguage":"en-GB","potentialAction":[{"@type":"ReadAction","target":["https:\/\/thecentralhousehostels.com\/lisboa\/it\/citynizers\/"]}]},{"@type":"BreadcrumbList","@id":"https:\/\/thecentralhousehostels.com\/lisboa\/it\/citynizers\/#breadcrumb","itemListElement":[{"@type":"ListItem","position":1,"name":"Home","item":"https:\/\/thecentralhousehostels.com\/lisboa\/"},{"@type":"ListItem","position":2,"name":"Citynizers"}]}]}},"_links":{"self":[{"href":"https:\/\/thecentralhousehostels.com\/lisboa\/wp-json\/wp\/v2\/pages\/8111"}],"collection":[{"href":"https:\/\/thecentralhousehostels.com\/lisboa\/wp-json\/wp\/v2\/pages"}],"about":[{"href":"https:\/\/thecentralhousehostels.com\/lisboa\/wp-json\/wp\/v2\/types\/page"}],"author":[{"embeddable":true,"href":"https:\/\/thecentralhousehostels.com\/lisboa\/wp-json\/wp\/v2\/users\/1"}],"replies":[{"embeddable":true,"href":"https:\/\/thecentralhousehostels.com\/lisboa\/wp-json\/wp\/v2\/comments?post=8111"}],"version-history":[{"count":4,"href":"https:\/\/thecentralhousehostels.com\/lisboa\/wp-json\/wp\/v2\/pages\/8111\/revisions"}],"predecessor-version":[{"id":8451,"href":"https:\/\/thecentralhousehostels.com\/lisboa\/wp-json\/wp\/v2\/pages\/8111\/revisions\/8451"}],"wp:attachment":[{"href":"https:\/\/thecentralhousehostels.com\/lisboa\/wp-json\/wp\/v2\/media?parent=8111"}],"curies":[{"name":"wp","href":"https:\/\/api.w.org\/{rel}","templated":true}]}}